{"id":425,"date":"2026-04-08T01:01:50","date_gmt":"2026-04-08T04:01:50","guid":{"rendered":"https:\/\/thewatchcompanyba.com\/?page_id=425"},"modified":"2026-05-08T19:21:05","modified_gmt":"2026-05-08T22:21:05","slug":"exclusivos","status":"publish","type":"page","link":"https:\/\/thewatchcompanyba.com\/en\/exclusivos\/","title":{"rendered":"exclusivos"},"content":{"rendered":"<div data-elementor-type=\"wp-page\" data-elementor-id=\"425\" class=\"elementor elementor-425\" data-elementor-post-type=\"page\">\n\t\t\t\t<div class=\"elementor-element elementor-element-1d1085f e-con-full e-flex elementor-invisible e-con e-parent\" data-id=\"1d1085f\" data-element_type=\"container\" data-e-type=\"container\" data-settings=\"{&quot;background_background&quot;:&quot;classic&quot;,&quot;animation&quot;:&quot;fadeIn&quot;}\">\n\t\t\t\t<div class=\"elementor-element elementor-element-f07d5b9 elementor-widget elementor-widget-image\" data-id=\"f07d5b9\" data-element_type=\"widget\" data-e-type=\"widget\" data-widget_type=\"image.default\">\n\t\t\t\t\t\t\t\t\t\t\t\t\t\t\t<img fetchpriority=\"high\" decoding=\"async\" width=\"800\" height=\"86\" src=\"https:\/\/thewatchcompanyba.com\/wp-content\/uploads\/2026\/04\/logo_twc_blanco-1024x110.png\" class=\"attachment-large size-large wp-image-23\" alt=\"The Watch Company Logo\" srcset=\"https:\/\/thewatchcompanyba.com\/wp-content\/uploads\/2026\/04\/logo_twc_blanco-1024x110.png 1024w, https:\/\/thewatchcompanyba.com\/wp-content\/uploads\/2026\/04\/logo_twc_blanco-scaled-600x64.png 600w, https:\/\/thewatchcompanyba.com\/wp-content\/uploads\/2026\/04\/logo_twc_blanco-300x32.png 300w, https:\/\/thewatchcompanyba.com\/wp-content\/uploads\/2026\/04\/logo_twc_blanco-768x82.png 768w, https:\/\/thewatchcompanyba.com\/wp-content\/uploads\/2026\/04\/logo_twc_blanco-1536x164.png 1536w, https:\/\/thewatchcompanyba.com\/wp-content\/uploads\/2026\/04\/logo_twc_blanco-2048x219.png 2048w\" sizes=\"(max-width: 800px) 100vw, 800px\" \/>\t\t\t\t\t\t\t\t\t\t\t\t\t\t\t<\/div>\n\t\t\t\t<div class=\"elementor-element elementor-element-f31ba56 elementor-widget elementor-widget-heading\" data-id=\"f31ba56\" data-element_type=\"widget\" data-e-type=\"widget\" data-widget_type=\"heading.default\">\n\t\t\t\t\t<h5 class=\"elementor-heading-title elementor-size-default\">EXCLUSIVE BRANDS<\/h5>\t\t\t\t<\/div>\n\t\t\t\t<\/div>\n\t\t<div class=\"elementor-element elementor-element-dd3bba2 e-flex e-con-boxed e-con e-parent\" data-id=\"dd3bba2\" data-element_type=\"container\" data-e-type=\"container\">\n\t\t\t\t\t<div class=\"e-con-inner\">\n\t\t\t\t<div class=\"elementor-element elementor-element-9178a2f elementor-widget__width-initial elementor-widget elementor-widget-text-editor\" data-id=\"9178a2f\" data-element_type=\"widget\" data-e-type=\"widget\" data-widget_type=\"text-editor.default\">\n\t\t\t\t\t\t\t\t\tWe connect the world's most exclusive watchmakers with a select community of customers throughout LATAM.\t\t\t\t\t\t\t\t<\/div>\n\t\t\t\t<div class=\"elementor-element elementor-element-fcb4b46 elementor-widget elementor-widget-image\" data-id=\"fcb4b46\" data-element_type=\"widget\" data-e-type=\"widget\" data-widget_type=\"image.default\">\n\t\t\t\t\t\t\t\t\t\t\t\t\t\t\t\t<a href=\"\/en\/konstantin-chaykin\/\">\n\t\t\t\t\t\t\t<img decoding=\"async\" width=\"800\" height=\"320\" src=\"https:\/\/thewatchcompanyba.com\/wp-content\/uploads\/2026\/04\/konstantin.jpg\" class=\"elementor-animation-grow attachment-large size-large wp-image-433\" alt=\"KONSTANTIN CHAYKIN LOGO THE WATCH COMPANY\" srcset=\"https:\/\/thewatchcompanyba.com\/wp-content\/uploads\/2026\/04\/konstantin.jpg 1000w, https:\/\/thewatchcompanyba.com\/wp-content\/uploads\/2026\/04\/konstantin-600x240.jpg 600w, https:\/\/thewatchcompanyba.com\/wp-content\/uploads\/2026\/04\/konstantin-300x120.jpg 300w, https:\/\/thewatchcompanyba.com\/wp-content\/uploads\/2026\/04\/konstantin-768x307.jpg 768w\" sizes=\"(max-width: 800px) 100vw, 800px\" \/>\t\t\t\t\t\t\t\t<\/a>\n\t\t\t\t\t\t\t\t\t\t\t\t\t\t\t<\/div>\n\t\t\t\t<div class=\"elementor-element elementor-element-f43527b elementor-widget elementor-widget-image\" data-id=\"f43527b\" data-element_type=\"widget\" data-e-type=\"widget\" data-widget_type=\"image.default\">\n\t\t\t\t\t\t\t\t\t\t\t\t\t\t\t\t<a href=\"\/en\/anton-suhanov\/\">\n\t\t\t\t\t\t\t<img decoding=\"async\" width=\"800\" height=\"320\" src=\"https:\/\/thewatchcompanyba.com\/wp-content\/uploads\/2026\/04\/suhanov.jpg\" class=\"elementor-animation-grow attachment-large size-large wp-image-979\" alt=\"Anton Suhanov LOGO THE WATCH COMPANY\" srcset=\"https:\/\/thewatchcompanyba.com\/wp-content\/uploads\/2026\/04\/suhanov.jpg 1000w, https:\/\/thewatchcompanyba.com\/wp-content\/uploads\/2026\/04\/suhanov-300x120.jpg 300w, https:\/\/thewatchcompanyba.com\/wp-content\/uploads\/2026\/04\/suhanov-768x307.jpg 768w, https:\/\/thewatchcompanyba.com\/wp-content\/uploads\/2026\/04\/suhanov-18x7.jpg 18w, https:\/\/thewatchcompanyba.com\/wp-content\/uploads\/2026\/04\/suhanov-600x240.jpg 600w\" sizes=\"(max-width: 800px) 100vw, 800px\" \/>\t\t\t\t\t\t\t\t<\/a>\n\t\t\t\t\t\t\t\t\t\t\t\t\t\t\t<\/div>\n\t\t\t\t<div class=\"elementor-element elementor-element-7b1b5ca elementor-widget elementor-widget-image\" data-id=\"7b1b5ca\" data-element_type=\"widget\" data-e-type=\"widget\" data-widget_type=\"image.default\">\n\t\t\t\t\t\t\t\t\t\t\t\t\t\t\t\t<a href=\"\/en\/louis-erard\/\">\n\t\t\t\t\t\t\t<img decoding=\"async\" src=\"https:\/\/thewatchcompanyba.com\/wp-content\/uploads\/2026\/04\/erard.jpg\" title=\"Louise Erard LOGO THE WATCH COMPANY\" alt=\"Louise Erard LOGO THE WATCH COMPANY\" class=\"elementor-animation-grow\" loading=\"lazy\" \/>\t\t\t\t\t\t\t\t<\/a>\n\t\t\t\t\t\t\t\t\t\t\t\t\t\t\t<\/div>\n\t\t\t\t\t<\/div>\n\t\t\t\t<\/div>\n\t\t\t\t<\/div>","protected":false},"excerpt":{"rendered":"<p>MARCAS EXCLUSIVAS Creamos un v\u00ednculo \u00fanico con watchmakers y exclusivas casas de alta relojer\u00eda de todo el mundo para satisfacer la demanda de una selecta comunidad de clientes en todo LATAM<\/p>","protected":false},"author":2,"featured_media":0,"parent":0,"menu_order":0,"comment_status":"closed","ping_status":"closed","template":"","meta":{"footnotes":""},"class_list":["post-425","page","type-page","status-publish","hentry"],"_links":{"self":[{"href":"https:\/\/thewatchcompanyba.com\/en\/wp-json\/wp\/v2\/pages\/425","targetHints":{"allow":["GET"]}}],"collection":[{"href":"https:\/\/thewatchcompanyba.com\/en\/wp-json\/wp\/v2\/pages"}],"about":[{"href":"https:\/\/thewatchcompanyba.com\/en\/wp-json\/wp\/v2\/types\/page"}],"author":[{"embeddable":true,"href":"https:\/\/thewatchcompanyba.com\/en\/wp-json\/wp\/v2\/users\/2"}],"replies":[{"embeddable":true,"href":"https:\/\/thewatchcompanyba.com\/en\/wp-json\/wp\/v2\/comments?post=425"}],"version-history":[{"count":46,"href":"https:\/\/thewatchcompanyba.com\/en\/wp-json\/wp\/v2\/pages\/425\/revisions"}],"predecessor-version":[{"id":1065,"href":"https:\/\/thewatchcompanyba.com\/en\/wp-json\/wp\/v2\/pages\/425\/revisions\/1065"}],"wp:attachment":[{"href":"https:\/\/thewatchcompanyba.com\/en\/wp-json\/wp\/v2\/media?parent=425"}],"curies":[{"name":"wp","href":"https:\/\/api.w.org\/{rel}","templated":true}]}}