{"id":1038,"date":"2026-04-28T21:57:49","date_gmt":"2026-04-29T00:57:49","guid":{"rendered":"https:\/\/thewatchcompanyba.com\/?post_type=product&#038;p=1038"},"modified":"2026-04-29T21:58:38","modified_gmt":"2026-04-30T00:58:38","slug":"joker-golden-iron-mask","status":"publish","type":"product","link":"https:\/\/thewatchcompanyba.com\/en\/product\/joker-golden-iron-mask\/","title":{"rendered":"Joker Golden &#038; Iron Mask"},"content":{"rendered":"<p>Bajo el concepto de <b data-path-to-node=\"2\" data-index-in-node=\"20\">Theatre of Masks<\/b>, Konstantin Chaykin presenta los modelos <b data-path-to-node=\"2\" data-index-in-node=\"78\">Joker Iron Mask<\/b> y <b data-path-to-node=\"2\" data-index-in-node=\"96\">Golden Mask<\/b>, donde la esfera abierta deja de ser un secreto para convertirse en un sofisticado juego de transparencia. Estas piezas fusionan el dise\u00f1o vanguardista de los <i data-path-to-node=\"2\" data-index-in-node=\"267\">Wristmons<\/i> con acabados tradicionales de la era de la Ilustraci\u00f3n, revelando un complejo mecanismo esqueletizado donde los ojos marcan las horas y la boca indica el d\u00eda de la semana. Con una caja de acero de <b data-path-to-node=\"2\" data-index-in-node=\"474\">40 mm<\/b>, el calibre autom\u00e1tico <b data-path-to-node=\"2\" data-index-in-node=\"503\">K.09-1<\/b> ofrece una reserva de marcha de <b data-path-to-node=\"2\" data-index-in-node=\"542\">68 horas<\/b>, disponible en un acabado de rodio monocrom\u00e1tico o en un opulento ba\u00f1o de oro. Es una obra de arte mec\u00e1nica que invita a admirar la complejidad t\u00e9cnica a trav\u00e9s de una &#8220;m\u00e1scara&#8221; que, en lugar de ocultar, celebra la alta relojer\u00eda.<\/p>","protected":false},"excerpt":{"rendered":"<p>Bajo el concepto de <b data-path-to-node=\"2\" data-index-in-node=\"20\">Theatre of Masks<\/b>, Konstantin Chaykin presenta los modelos <b data-path-to-node=\"2\" data-index-in-node=\"78\">Joker Iron Mask<\/b> y <b data-path-to-node=\"2\" data-index-in-node=\"96\">Golden Mask<\/b>, donde la esfera abierta deja de ser un secreto para convertirse en un sofisticado juego de transparencia. Estas piezas fusionan el dise\u00f1o vanguardista de los <i data-path-to-node=\"2\" data-index-in-node=\"267\">Wristmons<\/i> con acabados tradicionales de la era de la Ilustraci\u00f3n, revelando un complejo mecanismo esqueletizado donde los ojos marcan las horas y la boca indica el d\u00eda de la semana. Con una caja de acero de <b data-path-to-node=\"2\" data-index-in-node=\"474\">40 mm<\/b>, el calibre autom\u00e1tico <b data-path-to-node=\"2\" data-index-in-node=\"503\">K.09-1<\/b> ofrece una reserva de marcha de <b data-path-to-node=\"2\" data-index-in-node=\"542\">68 horas<\/b>, disponible en un acabado de rodio monocrom\u00e1tico o en un opulento ba\u00f1o de oro. Es una obra de arte mec\u00e1nica que invita a admirar la complejidad t\u00e9cnica a trav\u00e9s de una &#8220;m\u00e1scara&#8221; que, en lugar de ocultar, celebra la alta relojer\u00eda.<\/p>","protected":false},"featured_media":1042,"comment_status":"closed","ping_status":"closed","template":"","meta":[],"product_brand":[],"product_cat":[31],"product_tag":[],"class_list":{"0":"post-1038","1":"product","2":"type-product","3":"status-publish","4":"has-post-thumbnail","6":"product_cat-konstantin-chaykin","8":"first","9":"instock","10":"shipping-taxable","11":"product-type-simple"},"_links":{"self":[{"href":"https:\/\/thewatchcompanyba.com\/en\/wp-json\/wp\/v2\/product\/1038","targetHints":{"allow":["GET"]}}],"collection":[{"href":"https:\/\/thewatchcompanyba.com\/en\/wp-json\/wp\/v2\/product"}],"about":[{"href":"https:\/\/thewatchcompanyba.com\/en\/wp-json\/wp\/v2\/types\/product"}],"replies":[{"embeddable":true,"href":"https:\/\/thewatchcompanyba.com\/en\/wp-json\/wp\/v2\/comments?post=1038"}],"wp:featuredmedia":[{"embeddable":true,"href":"https:\/\/thewatchcompanyba.com\/en\/wp-json\/wp\/v2\/media\/1042"}],"wp:attachment":[{"href":"https:\/\/thewatchcompanyba.com\/en\/wp-json\/wp\/v2\/media?parent=1038"}],"wp:term":[{"taxonomy":"product_brand","embeddable":true,"href":"https:\/\/thewatchcompanyba.com\/en\/wp-json\/wp\/v2\/product_brand?post=1038"},{"taxonomy":"product_cat","embeddable":true,"href":"https:\/\/thewatchcompanyba.com\/en\/wp-json\/wp\/v2\/product_cat?post=1038"},{"taxonomy":"product_tag","embeddable":true,"href":"https:\/\/thewatchcompanyba.com\/en\/wp-json\/wp\/v2\/product_tag?post=1038"}],"curies":[{"name":"wp","href":"https:\/\/api.w.org\/{rel}","templated":true}]}}