{"id":1043,"date":"2026-04-28T22:46:42","date_gmt":"2026-04-29T01:46:42","guid":{"rendered":"https:\/\/thewatchcompanyba.com\/?post_type=product&#038;p=1043"},"modified":"2026-04-29T22:47:37","modified_gmt":"2026-04-30T01:47:37","slug":"panda-titanium","status":"publish","type":"product","link":"https:\/\/thewatchcompanyba.com\/en\/product\/panda-titanium\/","title":{"rendered":"Panda Titanium"},"content":{"rendered":"<p data-path-to-node=\"2\">El <b data-path-to-node=\"2\" data-index-in-node=\"3\">Panda<\/b> inaugura la ambiciosa colecci\u00f3n <b data-path-to-node=\"2\" data-index-in-node=\"41\">&#8220;East&#8221;<\/b> de Konstantin Chaykin, siendo el primero de cinco <i data-path-to-node=\"2\" data-index-in-node=\"98\">Wristmons<\/i> inspirados en la fauna oriental que se lanzar\u00e1n anualmente. Fabricado en <b data-path-to-node=\"2\" data-index-in-node=\"181\">titanio ligero<\/b> y altamente resistente, este modelo destaca por su carism\u00e1tico dise\u00f1o que incluye orejas de compuesto de <b data-path-to-node=\"2\" data-index-in-node=\"301\">fibra de carbono<\/b> y una distintiva corona a las 6 en punto. Su esfera recrea magistralmente el rostro del panda mediante un relieve <i data-path-to-node=\"2\" data-index-in-node=\"432\">guilloch\u00e9<\/i> que simula la suavidad del pelaje, mientras que en su interior late el calibre autom\u00e1tico <b data-path-to-node=\"2\" data-index-in-node=\"532\">K.18-22<\/b> con <b data-path-to-node=\"2\" data-index-in-node=\"544\">68 horas de reserva de marcha<\/b>. Es una pieza de colecci\u00f3n excepcional que fusiona la narrativa cultural con la ingenier\u00eda independiente, incluyendo un puente de m\u00f3dulo oculto con la forma de la provincia de Sichuan.<\/p>","protected":false},"excerpt":{"rendered":"<p>El <b data-path-to-node=\"2\" data-index-in-node=\"3\">Panda<\/b> inaugura la ambiciosa colecci\u00f3n <b data-path-to-node=\"2\" data-index-in-node=\"41\">&#8220;East&#8221;<\/b> de Konstantin Chaykin, siendo el primero de cinco <i data-path-to-node=\"2\" data-index-in-node=\"98\">Wristmons<\/i> inspirados en la fauna oriental que se lanzar\u00e1n anualmente. Fabricado en <b data-path-to-node=\"2\" data-index-in-node=\"181\">titanio ligero<\/b> y altamente resistente, este modelo destaca por su carism\u00e1tico dise\u00f1o que incluye orejas de compuesto de <b data-path-to-node=\"2\" data-index-in-node=\"301\">fibra de carbono<\/b> y una distintiva corona a las 6 en punto. Su esfera recrea magistralmente el rostro del panda mediante un relieve <i data-path-to-node=\"2\" data-index-in-node=\"432\">guilloch\u00e9<\/i> que simula la suavidad del pelaje, mientras que en su interior late el calibre autom\u00e1tico <b data-path-to-node=\"2\" data-index-in-node=\"532\">K.18-22<\/b> con <b data-path-to-node=\"2\" data-index-in-node=\"544\">68 horas de reserva de marcha<\/b>. Es una pieza de colecci\u00f3n excepcional que fusiona la narrativa cultural con la ingenier\u00eda independiente, incluyendo un puente de m\u00f3dulo oculto con la forma de la provincia de Sichuan.<\/p>","protected":false},"featured_media":1047,"comment_status":"closed","ping_status":"closed","template":"","meta":[],"product_brand":[],"product_cat":[31],"product_tag":[],"class_list":{"0":"post-1043","1":"product","2":"type-product","3":"status-publish","4":"has-post-thumbnail","6":"product_cat-konstantin-chaykin","8":"first","9":"instock","10":"shipping-taxable","11":"product-type-simple"},"_links":{"self":[{"href":"https:\/\/thewatchcompanyba.com\/en\/wp-json\/wp\/v2\/product\/1043","targetHints":{"allow":["GET"]}}],"collection":[{"href":"https:\/\/thewatchcompanyba.com\/en\/wp-json\/wp\/v2\/product"}],"about":[{"href":"https:\/\/thewatchcompanyba.com\/en\/wp-json\/wp\/v2\/types\/product"}],"replies":[{"embeddable":true,"href":"https:\/\/thewatchcompanyba.com\/en\/wp-json\/wp\/v2\/comments?post=1043"}],"wp:featuredmedia":[{"embeddable":true,"href":"https:\/\/thewatchcompanyba.com\/en\/wp-json\/wp\/v2\/media\/1047"}],"wp:attachment":[{"href":"https:\/\/thewatchcompanyba.com\/en\/wp-json\/wp\/v2\/media?parent=1043"}],"wp:term":[{"taxonomy":"product_brand","embeddable":true,"href":"https:\/\/thewatchcompanyba.com\/en\/wp-json\/wp\/v2\/product_brand?post=1043"},{"taxonomy":"product_cat","embeddable":true,"href":"https:\/\/thewatchcompanyba.com\/en\/wp-json\/wp\/v2\/product_cat?post=1043"},{"taxonomy":"product_tag","embeddable":true,"href":"https:\/\/thewatchcompanyba.com\/en\/wp-json\/wp\/v2\/product_tag?post=1043"}],"curies":[{"name":"wp","href":"https:\/\/api.w.org\/{rel}","templated":true}]}}