{"id":1051,"date":"2026-05-08T19:12:39","date_gmt":"2026-05-08T22:12:39","guid":{"rendered":"https:\/\/thewatchcompanyba.com\/?post_type=product&#038;p=1051"},"modified":"2026-05-08T19:12:40","modified_gmt":"2026-05-08T22:12:40","slug":"le-regulateur","status":"publish","type":"product","link":"https:\/\/thewatchcompanyba.com\/en\/product\/le-regulateur\/","title":{"rendered":"Le R\u00e9gulateur"},"content":{"rendered":"<p>Para esta nueva colaboraci\u00f3n, Louis Erard se vuelca a la arquitectura y el dise\u00f1o de la mano de atelier o\u00ef, una firma regional que ha brillado a nivel internacional durante 30 a\u00f1os, creando tambi\u00e9n un reloj radiante.  <\/p>\n<p>atelier o\u00ef procedi\u00f3 de una forma elemental: \u201cIrradiar desde el centro hacia afuera\u201d. Se cuid\u00f3 de reducir el vocabulario t\u00e9cnico al m\u00e1ximo, evocando la forma de un reloj de sol. El resultado es una superficie grabada con rayos asim\u00e9tricos, cuya luz revela reflejos y contrastes, haciendo eco de la pasi\u00f3n de los miembros de atelier o\u00ef por los materiales y el juego de luces. El arte del grabado se expresa aqu\u00ed en su esencia: l\u00edneas dibujadas. Estas l\u00edneas crean un espacio al que las manecillas le a\u00f1aden la dimensi\u00f3n del tiempo.<\/p>","protected":false},"excerpt":{"rendered":"<p>Para esta nueva colaboraci\u00f3n, Louis Erard se vuelca a la arquitectura y el dise\u00f1o de la mano de atelier o\u00ef, una firma regional que ha brillado a nivel internacional durante 30 a\u00f1os, creando tambi\u00e9n un reloj radiante.<\/p>\n<p>atelier o\u00ef procedi\u00f3 de una forma elemental: \u201cIrradiar desde el centro hacia afuera\u201d. Se cuid\u00f3 de reducir el vocabulario t\u00e9cnico al m\u00e1ximo, evocando la forma de un reloj de sol. El resultado es una superficie grabada con rayos asim\u00e9tricos, cuya luz revela reflejos y contrastes, haciendo eco de la pasi\u00f3n de los miembros de atelier o\u00ef por los materiales y el juego de luces. El arte del grabado se expresa aqu\u00ed en su esencia: l\u00edneas dibujadas. Estas l\u00edneas crean un espacio al que las manecillas le a\u00f1aden la dimensi\u00f3n del tiempo.<\/p>","protected":false},"featured_media":1052,"comment_status":"closed","ping_status":"closed","template":"","meta":[],"product_brand":[],"product_cat":[51],"product_tag":[],"class_list":{"0":"post-1051","1":"product","2":"type-product","3":"status-publish","4":"has-post-thumbnail","6":"product_cat-louis-erard","8":"first","9":"instock","10":"shipping-taxable","11":"product-type-simple"},"_links":{"self":[{"href":"https:\/\/thewatchcompanyba.com\/en\/wp-json\/wp\/v2\/product\/1051","targetHints":{"allow":["GET"]}}],"collection":[{"href":"https:\/\/thewatchcompanyba.com\/en\/wp-json\/wp\/v2\/product"}],"about":[{"href":"https:\/\/thewatchcompanyba.com\/en\/wp-json\/wp\/v2\/types\/product"}],"replies":[{"embeddable":true,"href":"https:\/\/thewatchcompanyba.com\/en\/wp-json\/wp\/v2\/comments?post=1051"}],"wp:featuredmedia":[{"embeddable":true,"href":"https:\/\/thewatchcompanyba.com\/en\/wp-json\/wp\/v2\/media\/1052"}],"wp:attachment":[{"href":"https:\/\/thewatchcompanyba.com\/en\/wp-json\/wp\/v2\/media?parent=1051"}],"wp:term":[{"taxonomy":"product_brand","embeddable":true,"href":"https:\/\/thewatchcompanyba.com\/en\/wp-json\/wp\/v2\/product_brand?post=1051"},{"taxonomy":"product_cat","embeddable":true,"href":"https:\/\/thewatchcompanyba.com\/en\/wp-json\/wp\/v2\/product_cat?post=1051"},{"taxonomy":"product_tag","embeddable":true,"href":"https:\/\/thewatchcompanyba.com\/en\/wp-json\/wp\/v2\/product_tag?post=1051"}],"curies":[{"name":"wp","href":"https:\/\/api.w.org\/{rel}","templated":true}]}}