{"id":1068,"date":"2026-05-09T00:42:10","date_gmt":"2026-05-09T03:42:10","guid":{"rendered":"https:\/\/thewatchcompanyba.com\/?post_type=product&#038;p=1068"},"modified":"2026-05-09T00:42:10","modified_gmt":"2026-05-09T03:42:10","slug":"2340","status":"publish","type":"product","link":"https:\/\/thewatchcompanyba.com\/en\/product\/2340\/","title":{"rendered":"2340"},"content":{"rendered":"<p>Presentamos nuestro primer reloj con brazalete integrado: 2340, el c\u00f3digo postal de nuestro hogar en Le Noirmont, que ahora se convierte en el s\u00edmbolo de un nuevo cap\u00edtulo. Un nuevo brazalete. Una nueva caja. Un movimiento que es una primicia en nuestras colecciones. Cada detalle, tanto t\u00e9cnico como est\u00e9tico, ha sido llevado al punto de la obsesi\u00f3n. Un modelo construido para perdurar. No es una edici\u00f3n limitada; es una pieza fundamental. Nuestra interpretaci\u00f3n del estilo sporty-chic, al estilo Louis Erard.<\/p>","protected":false},"excerpt":{"rendered":"<p>Presentamos nuestro primer reloj con brazalete integrado: 2340, el c\u00f3digo postal de nuestro hogar en Le Noirmont, que ahora se convierte en el s\u00edmbolo de un nuevo cap\u00edtulo. Un nuevo brazalete. Una nueva caja. Un movimiento que es una primicia en nuestras colecciones. Cada detalle, tanto t\u00e9cnico como est\u00e9tico, ha sido llevado al punto de la obsesi\u00f3n. Un modelo construido para perdurar. No es una edici\u00f3n limitada; es una pieza fundamental. Nuestra interpretaci\u00f3n del estilo sporty-chic, al estilo Louis Erard.<\/p>","protected":false},"featured_media":1071,"comment_status":"closed","ping_status":"closed","template":"","meta":[],"product_brand":[],"product_cat":[51],"product_tag":[],"class_list":{"0":"post-1068","1":"product","2":"type-product","3":"status-publish","4":"has-post-thumbnail","6":"product_cat-louis-erard","8":"first","9":"instock","10":"shipping-taxable","11":"product-type-simple"},"_links":{"self":[{"href":"https:\/\/thewatchcompanyba.com\/en\/wp-json\/wp\/v2\/product\/1068","targetHints":{"allow":["GET"]}}],"collection":[{"href":"https:\/\/thewatchcompanyba.com\/en\/wp-json\/wp\/v2\/product"}],"about":[{"href":"https:\/\/thewatchcompanyba.com\/en\/wp-json\/wp\/v2\/types\/product"}],"replies":[{"embeddable":true,"href":"https:\/\/thewatchcompanyba.com\/en\/wp-json\/wp\/v2\/comments?post=1068"}],"wp:featuredmedia":[{"embeddable":true,"href":"https:\/\/thewatchcompanyba.com\/en\/wp-json\/wp\/v2\/media\/1071"}],"wp:attachment":[{"href":"https:\/\/thewatchcompanyba.com\/en\/wp-json\/wp\/v2\/media?parent=1068"}],"wp:term":[{"taxonomy":"product_brand","embeddable":true,"href":"https:\/\/thewatchcompanyba.com\/en\/wp-json\/wp\/v2\/product_brand?post=1068"},{"taxonomy":"product_cat","embeddable":true,"href":"https:\/\/thewatchcompanyba.com\/en\/wp-json\/wp\/v2\/product_cat?post=1068"},{"taxonomy":"product_tag","embeddable":true,"href":"https:\/\/thewatchcompanyba.com\/en\/wp-json\/wp\/v2\/product_tag?post=1068"}],"curies":[{"name":"wp","href":"https:\/\/api.w.org\/{rel}","templated":true}]}}