{"id":1073,"date":"2026-05-09T00:49:00","date_gmt":"2026-05-09T03:49:00","guid":{"rendered":"https:\/\/thewatchcompanyba.com\/?post_type=product&#038;p=1073"},"modified":"2026-05-09T00:49:00","modified_gmt":"2026-05-09T03:49:00","slug":"the-regulator-monster","status":"publish","type":"product","link":"https:\/\/thewatchcompanyba.com\/en\/product\/the-regulator-monster\/","title":{"rendered":"The Regulator Monster"},"content":{"rendered":"<p>Louis Erard ofrece su regulador como sacrificio a una criatura muy extra\u00f1a: un grotesco c\u00edclope con boca de sierra. Una figura mitol\u00f3gica reinterpretada por el maestro relojero Konstantin Chaykin. Disponible<br \/>\nen dos variantes de color, en ediciones limitadas (dos de 178 piezas) y en un d\u00edptico (estuche limitado a 28 piezas).<\/p>","protected":false},"excerpt":{"rendered":"<p>Louis Erard ofrece su regulador como sacrificio a una criatura muy extra\u00f1a: un grotesco c\u00edclope con boca de sierra. Una figura mitol\u00f3gica reinterpretada por el maestro relojero Konstantin Chaykin. Disponible<br \/>\nen dos variantes de color, en ediciones limitadas (dos de 178 piezas) y en un d\u00edptico (estuche limitado a 28 piezas).<\/p>","protected":false},"featured_media":1074,"comment_status":"closed","ping_status":"closed","template":"","meta":[],"product_brand":[],"product_cat":[51],"product_tag":[],"class_list":{"0":"post-1073","1":"product","2":"type-product","3":"status-publish","4":"has-post-thumbnail","6":"product_cat-louis-erard","8":"first","9":"instock","10":"shipping-taxable","11":"product-type-simple"},"_links":{"self":[{"href":"https:\/\/thewatchcompanyba.com\/en\/wp-json\/wp\/v2\/product\/1073","targetHints":{"allow":["GET"]}}],"collection":[{"href":"https:\/\/thewatchcompanyba.com\/en\/wp-json\/wp\/v2\/product"}],"about":[{"href":"https:\/\/thewatchcompanyba.com\/en\/wp-json\/wp\/v2\/types\/product"}],"replies":[{"embeddable":true,"href":"https:\/\/thewatchcompanyba.com\/en\/wp-json\/wp\/v2\/comments?post=1073"}],"wp:featuredmedia":[{"embeddable":true,"href":"https:\/\/thewatchcompanyba.com\/en\/wp-json\/wp\/v2\/media\/1074"}],"wp:attachment":[{"href":"https:\/\/thewatchcompanyba.com\/en\/wp-json\/wp\/v2\/media?parent=1073"}],"wp:term":[{"taxonomy":"product_brand","embeddable":true,"href":"https:\/\/thewatchcompanyba.com\/en\/wp-json\/wp\/v2\/product_brand?post=1073"},{"taxonomy":"product_cat","embeddable":true,"href":"https:\/\/thewatchcompanyba.com\/en\/wp-json\/wp\/v2\/product_cat?post=1073"},{"taxonomy":"product_tag","embeddable":true,"href":"https:\/\/thewatchcompanyba.com\/en\/wp-json\/wp\/v2\/product_tag?post=1073"}],"curies":[{"name":"wp","href":"https:\/\/api.w.org\/{rel}","templated":true}]}}