{"id":1078,"date":"2026-05-09T00:59:22","date_gmt":"2026-05-09T03:59:22","guid":{"rendered":"https:\/\/thewatchcompanyba.com\/?post_type=product&#038;p=1078"},"modified":"2026-05-09T01:00:52","modified_gmt":"2026-05-09T04:00:52","slug":"unfrogettable","status":"publish","type":"product","link":"https:\/\/thewatchcompanyba.com\/en\/product\/unfrogettable\/","title":{"rendered":"UNFROGETTABLE"},"content":{"rendered":"<p>\u00c9rase una vez\u2026 No, esto es una vez un giro inesperado. Louis Erard y Konstantin Chaykin est\u00e1n de vuelta para darle un vuelco a la historia, desafiar las tradiciones y saltar por encima de las convenciones con una sonrisa. S\u00ed, realmente salta a la vista. Presentamos a la Inolvidable. Una Princesa Rana como nunca antes la hab\u00edas visto. Nacida de la mitolog\u00eda eslava, ataviada con armadura samur\u00e1i, construida en el Jura suizo. Una caja completamente redise\u00f1ada. Un regulador convertido en criatura. Un hechizo que puedes llevar puesto. Impulsado por la mente ingeniosa de Chaykin y el esp\u00edritu rebelde de Louis Erard. \u00bfEl resultado? Algo que nadie pidi\u00f3, pero que nadie olvidar\u00e1. M\u00e1s all\u00e1 de la diversi\u00f3n, precisi\u00f3n. M\u00e1s all\u00e1 de la locura, maestr\u00eda.<\/p>","protected":false},"excerpt":{"rendered":"<p>\u00c9rase una vez\u2026 No, esto es una vez un giro inesperado. Louis Erard y Konstantin Chaykin est\u00e1n de vuelta para darle un vuelco a la historia, desafiar las tradiciones y saltar por encima de las convenciones con una sonrisa. S\u00ed, realmente salta a la vista. Presentamos a la Inolvidable. Una Princesa Rana como nunca antes la hab\u00edas visto. Nacida de la mitolog\u00eda eslava, ataviada con armadura samur\u00e1i, construida en el Jura suizo. Una caja completamente redise\u00f1ada. Un regulador convertido en criatura. Un hechizo que puedes llevar puesto. Impulsado por la mente ingeniosa de Chaykin y el esp\u00edritu rebelde de Louis Erard. \u00bfEl resultado? Algo que nadie pidi\u00f3, pero que nadie olvidar\u00e1. M\u00e1s all\u00e1 de la diversi\u00f3n, precisi\u00f3n. M\u00e1s all\u00e1 de la locura, maestr\u00eda.<\/p>","protected":false},"featured_media":1079,"comment_status":"closed","ping_status":"closed","template":"","meta":[],"product_brand":[],"product_cat":[51],"product_tag":[],"class_list":{"0":"post-1078","1":"product","2":"type-product","3":"status-publish","4":"has-post-thumbnail","6":"product_cat-louis-erard","8":"first","9":"instock","10":"shipping-taxable","11":"product-type-simple"},"_links":{"self":[{"href":"https:\/\/thewatchcompanyba.com\/en\/wp-json\/wp\/v2\/product\/1078","targetHints":{"allow":["GET"]}}],"collection":[{"href":"https:\/\/thewatchcompanyba.com\/en\/wp-json\/wp\/v2\/product"}],"about":[{"href":"https:\/\/thewatchcompanyba.com\/en\/wp-json\/wp\/v2\/types\/product"}],"replies":[{"embeddable":true,"href":"https:\/\/thewatchcompanyba.com\/en\/wp-json\/wp\/v2\/comments?post=1078"}],"wp:featuredmedia":[{"embeddable":true,"href":"https:\/\/thewatchcompanyba.com\/en\/wp-json\/wp\/v2\/media\/1079"}],"wp:attachment":[{"href":"https:\/\/thewatchcompanyba.com\/en\/wp-json\/wp\/v2\/media?parent=1078"}],"wp:term":[{"taxonomy":"product_brand","embeddable":true,"href":"https:\/\/thewatchcompanyba.com\/en\/wp-json\/wp\/v2\/product_brand?post=1078"},{"taxonomy":"product_cat","embeddable":true,"href":"https:\/\/thewatchcompanyba.com\/en\/wp-json\/wp\/v2\/product_cat?post=1078"},{"taxonomy":"product_tag","embeddable":true,"href":"https:\/\/thewatchcompanyba.com\/en\/wp-json\/wp\/v2\/product_tag?post=1078"}],"curies":[{"name":"wp","href":"https:\/\/api.w.org\/{rel}","templated":true}]}}