{"id":1083,"date":"2026-05-11T12:05:59","date_gmt":"2026-05-11T15:05:59","guid":{"rendered":"https:\/\/thewatchcompanyba.com\/?post_type=product&#038;p=1083"},"modified":"2026-05-11T12:05:59","modified_gmt":"2026-05-11T15:05:59","slug":"le-regulateur-2","status":"publish","type":"product","link":"https:\/\/thewatchcompanyba.com\/en\/product\/le-regulateur-2\/","title":{"rendered":"Le R\u00e9gulateur"},"content":{"rendered":"<p>Enmarcada por una caja de acero inoxidable pulido de 42 mm, la esfera presenta los elementos distintivos de la esfera de KUDOKE. El anillo de minutos tipo v\u00eda f\u00e9rrea, los dos anillos de contadores, as\u00ed como las placas con los nombres &#8220;LOUIS ERARD&#8221; y &#8220;KUDOKE&#8221;, tienen un acabado satinado y est\u00e1n ba\u00f1ados en rodio. El contador de las 12 est\u00e1 adornado con un patr\u00f3n de clavos &#8220;Clous de Paris&#8221;, un anillo con contador de n\u00fameros romanos y la ic\u00f3nica aguja horaria en forma de infinito, mientras que todas las agujas son de acero azulado. La parte inferior de la esfera tiene un acabado granulado para un efecto esmerilado y viene en tres colores diferentes: morado (limitado a 78), verde bosque (100), azul claro (100); mientras que la cuarta variaci\u00f3n es una alerta para coleccionistas con su esfera de n\u00e1car blanco (78).<\/p>","protected":false},"excerpt":{"rendered":"<p>Enmarcada por una caja de acero inoxidable pulido de 42 mm, la esfera presenta los elementos distintivos de la esfera de KUDOKE. El anillo de minutos tipo v\u00eda f\u00e9rrea, los dos anillos de contadores, as\u00ed como las placas con los nombres &#8220;LOUIS ERARD&#8221; y &#8220;KUDOKE&#8221;, tienen un acabado satinado y est\u00e1n ba\u00f1ados en rodio. El contador de las 12 est\u00e1 adornado con un patr\u00f3n de clavos &#8220;Clous de Paris&#8221;, un anillo con contador de n\u00fameros romanos y la ic\u00f3nica aguja horaria en forma de infinito, mientras que todas las agujas son de acero azulado. La parte inferior de la esfera tiene un acabado granulado para un efecto esmerilado y viene en tres colores diferentes: morado (limitado a 78), verde bosque (100), azul claro (100); mientras que la cuarta variaci\u00f3n es una alerta para coleccionistas con su esfera de n\u00e1car blanco (78).<\/p>","protected":false},"featured_media":1084,"comment_status":"closed","ping_status":"closed","template":"","meta":[],"product_brand":[],"product_cat":[51],"product_tag":[],"class_list":{"0":"post-1083","1":"product","2":"type-product","3":"status-publish","4":"has-post-thumbnail","6":"product_cat-louis-erard","8":"first","9":"instock","10":"shipping-taxable","11":"product-type-simple"},"_links":{"self":[{"href":"https:\/\/thewatchcompanyba.com\/en\/wp-json\/wp\/v2\/product\/1083","targetHints":{"allow":["GET"]}}],"collection":[{"href":"https:\/\/thewatchcompanyba.com\/en\/wp-json\/wp\/v2\/product"}],"about":[{"href":"https:\/\/thewatchcompanyba.com\/en\/wp-json\/wp\/v2\/types\/product"}],"replies":[{"embeddable":true,"href":"https:\/\/thewatchcompanyba.com\/en\/wp-json\/wp\/v2\/comments?post=1083"}],"wp:featuredmedia":[{"embeddable":true,"href":"https:\/\/thewatchcompanyba.com\/en\/wp-json\/wp\/v2\/media\/1084"}],"wp:attachment":[{"href":"https:\/\/thewatchcompanyba.com\/en\/wp-json\/wp\/v2\/media?parent=1083"}],"wp:term":[{"taxonomy":"product_brand","embeddable":true,"href":"https:\/\/thewatchcompanyba.com\/en\/wp-json\/wp\/v2\/product_brand?post=1083"},{"taxonomy":"product_cat","embeddable":true,"href":"https:\/\/thewatchcompanyba.com\/en\/wp-json\/wp\/v2\/product_cat?post=1083"},{"taxonomy":"product_tag","embeddable":true,"href":"https:\/\/thewatchcompanyba.com\/en\/wp-json\/wp\/v2\/product_tag?post=1083"}],"curies":[{"name":"wp","href":"https:\/\/api.w.org\/{rel}","templated":true}]}}