{"id":1088,"date":"2026-05-11T12:11:31","date_gmt":"2026-05-11T15:11:31","guid":{"rendered":"https:\/\/thewatchcompanyba.com\/?post_type=product&#038;p=1088"},"modified":"2026-05-11T12:11:31","modified_gmt":"2026-05-11T15:11:31","slug":"vianney-halter","status":"publish","type":"product","link":"https:\/\/thewatchcompanyba.com\/en\/product\/vianney-halter\/","title":{"rendered":"Vianney Halter"},"content":{"rendered":"<p>El Le R\u00e9gulateur II regresa con el mismo dise\u00f1o inconfundible y las mismas agujas de acero azul el\u00e9ctrico, ahora m\u00e1s elegante que nunca con una nueva esfera monocrom\u00e1tica plateada. \u00a1Un reloj que oscila entre la realidad y la ficci\u00f3n, trascendiendo las fronteras del tiempo y el espacio!<\/p>","protected":false},"excerpt":{"rendered":"<p>El Le R\u00e9gulateur II regresa con el mismo dise\u00f1o inconfundible y las mismas agujas de acero azul el\u00e9ctrico, ahora m\u00e1s elegante que nunca con una nueva esfera monocrom\u00e1tica plateada. \u00a1Un reloj que oscila entre la realidad y la ficci\u00f3n, trascendiendo las fronteras del tiempo y el espacio!<\/p>","protected":false},"featured_media":1089,"comment_status":"closed","ping_status":"closed","template":"","meta":[],"product_brand":[],"product_cat":[51],"product_tag":[],"class_list":{"0":"post-1088","1":"product","2":"type-product","3":"status-publish","4":"has-post-thumbnail","6":"product_cat-louis-erard","8":"first","9":"instock","10":"shipping-taxable","11":"product-type-simple"},"_links":{"self":[{"href":"https:\/\/thewatchcompanyba.com\/en\/wp-json\/wp\/v2\/product\/1088","targetHints":{"allow":["GET"]}}],"collection":[{"href":"https:\/\/thewatchcompanyba.com\/en\/wp-json\/wp\/v2\/product"}],"about":[{"href":"https:\/\/thewatchcompanyba.com\/en\/wp-json\/wp\/v2\/types\/product"}],"replies":[{"embeddable":true,"href":"https:\/\/thewatchcompanyba.com\/en\/wp-json\/wp\/v2\/comments?post=1088"}],"wp:featuredmedia":[{"embeddable":true,"href":"https:\/\/thewatchcompanyba.com\/en\/wp-json\/wp\/v2\/media\/1089"}],"wp:attachment":[{"href":"https:\/\/thewatchcompanyba.com\/en\/wp-json\/wp\/v2\/media?parent=1088"}],"wp:term":[{"taxonomy":"product_brand","embeddable":true,"href":"https:\/\/thewatchcompanyba.com\/en\/wp-json\/wp\/v2\/product_brand?post=1088"},{"taxonomy":"product_cat","embeddable":true,"href":"https:\/\/thewatchcompanyba.com\/en\/wp-json\/wp\/v2\/product_cat?post=1088"},{"taxonomy":"product_tag","embeddable":true,"href":"https:\/\/thewatchcompanyba.com\/en\/wp-json\/wp\/v2\/product_tag?post=1088"}],"curies":[{"name":"wp","href":"https:\/\/api.w.org\/{rel}","templated":true}]}}