{"id":803,"date":"2026-04-20T03:33:42","date_gmt":"2026-04-20T06:33:42","guid":{"rendered":"https:\/\/thewatchcompanyba.com\/product\/sea-dweller\/"},"modified":"2026-04-20T17:03:35","modified_gmt":"2026-04-20T20:03:35","slug":"sea-dweller","status":"publish","type":"product","link":"https:\/\/thewatchcompanyba.com\/en\/product\/sea-dweller\/","title":{"rendered":"Sea Dweller"},"content":{"rendered":"<p>El Sea Dweller de Rolex en acero de 44 mm cuenta con un atractivo cuadrante negro. Dise\u00f1ado para los aventureros del oc\u00e9ano, este reloj ofrece una resistencia excepcional y un dise\u00f1o audaz.<\/p>","protected":false},"excerpt":{"rendered":"<p>El Sea Dweller de Rolex en acero de 44 mm cuenta con un atractivo cuadrante negro. Dise\u00f1ado para los aventureros del oc\u00e9ano, este reloj ofrece una resistencia excepcional y un dise\u00f1o audaz.<\/p>","protected":false},"featured_media":860,"comment_status":"open","ping_status":"closed","template":"","meta":[],"product_brand":[],"product_cat":[33],"product_tag":[],"class_list":{"0":"post-803","1":"product","2":"type-product","3":"status-publish","4":"has-post-thumbnail","6":"product_cat-rolex","8":"first","9":"instock","10":"shipping-taxable","11":"product-type-simple"},"_links":{"self":[{"href":"https:\/\/thewatchcompanyba.com\/en\/wp-json\/wp\/v2\/product\/803","targetHints":{"allow":["GET"]}}],"collection":[{"href":"https:\/\/thewatchcompanyba.com\/en\/wp-json\/wp\/v2\/product"}],"about":[{"href":"https:\/\/thewatchcompanyba.com\/en\/wp-json\/wp\/v2\/types\/product"}],"replies":[{"embeddable":true,"href":"https:\/\/thewatchcompanyba.com\/en\/wp-json\/wp\/v2\/comments?post=803"}],"wp:featuredmedia":[{"embeddable":true,"href":"https:\/\/thewatchcompanyba.com\/en\/wp-json\/wp\/v2\/media\/860"}],"wp:attachment":[{"href":"https:\/\/thewatchcompanyba.com\/en\/wp-json\/wp\/v2\/media?parent=803"}],"wp:term":[{"taxonomy":"product_brand","embeddable":true,"href":"https:\/\/thewatchcompanyba.com\/en\/wp-json\/wp\/v2\/product_brand?post=803"},{"taxonomy":"product_cat","embeddable":true,"href":"https:\/\/thewatchcompanyba.com\/en\/wp-json\/wp\/v2\/product_cat?post=803"},{"taxonomy":"product_tag","embeddable":true,"href":"https:\/\/thewatchcompanyba.com\/en\/wp-json\/wp\/v2\/product_tag?post=803"}],"curies":[{"name":"wp","href":"https:\/\/api.w.org\/{rel}","templated":true}]}}