{"id":808,"date":"2026-04-20T03:33:42","date_gmt":"2026-04-20T06:33:42","guid":{"rendered":"https:\/\/thewatchcompanyba.com\/product\/datejust\/"},"modified":"2026-04-20T17:03:35","modified_gmt":"2026-04-20T20:03:35","slug":"datejust","status":"publish","type":"product","link":"https:\/\/thewatchcompanyba.com\/en\/product\/datejust\/","title":{"rendered":"Datejust"},"content":{"rendered":"<p>El Datejust de Rolex en acero de 41 mm ofrece una variedad de cuadrantes, asegurando que haya una opci\u00f3n para cada gusto. Este reloj combina un estilo cl\u00e1sico con una funcionalidad contempor\u00e1nea.<\/p>","protected":false},"excerpt":{"rendered":"<p>El Datejust de Rolex en acero de 41 mm ofrece una variedad de cuadrantes, asegurando que haya una opci\u00f3n para cada gusto. Este reloj combina un estilo cl\u00e1sico con una funcionalidad contempor\u00e1nea.<\/p>","protected":false},"featured_media":838,"comment_status":"open","ping_status":"closed","template":"","meta":[],"product_brand":[],"product_cat":[33],"product_tag":[],"class_list":{"0":"post-808","1":"product","2":"type-product","3":"status-publish","4":"has-post-thumbnail","6":"product_cat-rolex","8":"first","9":"instock","10":"shipping-taxable","11":"product-type-simple"},"_links":{"self":[{"href":"https:\/\/thewatchcompanyba.com\/en\/wp-json\/wp\/v2\/product\/808","targetHints":{"allow":["GET"]}}],"collection":[{"href":"https:\/\/thewatchcompanyba.com\/en\/wp-json\/wp\/v2\/product"}],"about":[{"href":"https:\/\/thewatchcompanyba.com\/en\/wp-json\/wp\/v2\/types\/product"}],"replies":[{"embeddable":true,"href":"https:\/\/thewatchcompanyba.com\/en\/wp-json\/wp\/v2\/comments?post=808"}],"wp:featuredmedia":[{"embeddable":true,"href":"https:\/\/thewatchcompanyba.com\/en\/wp-json\/wp\/v2\/media\/838"}],"wp:attachment":[{"href":"https:\/\/thewatchcompanyba.com\/en\/wp-json\/wp\/v2\/media?parent=808"}],"wp:term":[{"taxonomy":"product_brand","embeddable":true,"href":"https:\/\/thewatchcompanyba.com\/en\/wp-json\/wp\/v2\/product_brand?post=808"},{"taxonomy":"product_cat","embeddable":true,"href":"https:\/\/thewatchcompanyba.com\/en\/wp-json\/wp\/v2\/product_cat?post=808"},{"taxonomy":"product_tag","embeddable":true,"href":"https:\/\/thewatchcompanyba.com\/en\/wp-json\/wp\/v2\/product_tag?post=808"}],"curies":[{"name":"wp","href":"https:\/\/api.w.org\/{rel}","templated":true}]}}