{"id":812,"date":"2026-04-20T03:33:43","date_gmt":"2026-04-20T06:33:43","guid":{"rendered":"https:\/\/thewatchcompanyba.com\/product\/tank-francaise-mini\/"},"modified":"2026-04-20T17:03:36","modified_gmt":"2026-04-20T20:03:36","slug":"tank-francaise-mini","status":"publish","type":"product","link":"https:\/\/thewatchcompanyba.com\/en\/product\/tank-francaise-mini\/","title":{"rendered":"Tank Francaise Mini"},"content":{"rendered":"<p>El Tank Fran\u00e7aise Mini de Cartier en oro amarillo de 20 mm presenta un elegante cuadrante blanco. Su tama\u00f1o compacto y dise\u00f1o atemporal lo hacen ideal para una apariencia refinada y sutil.<\/p>","protected":false},"excerpt":{"rendered":"<p>El Tank Fran\u00e7aise Mini de Cartier en oro amarillo de 20 mm presenta un elegante cuadrante blanco. Su tama\u00f1o compacto y dise\u00f1o atemporal lo hacen ideal para una apariencia refinada y sutil.<\/p>","protected":false},"featured_media":867,"comment_status":"open","ping_status":"closed","template":"","meta":[],"product_brand":[],"product_cat":[34],"product_tag":[],"class_list":{"0":"post-812","1":"product","2":"type-product","3":"status-publish","4":"has-post-thumbnail","6":"product_cat-cartier","8":"first","9":"instock","10":"shipping-taxable","11":"product-type-simple"},"_links":{"self":[{"href":"https:\/\/thewatchcompanyba.com\/en\/wp-json\/wp\/v2\/product\/812","targetHints":{"allow":["GET"]}}],"collection":[{"href":"https:\/\/thewatchcompanyba.com\/en\/wp-json\/wp\/v2\/product"}],"about":[{"href":"https:\/\/thewatchcompanyba.com\/en\/wp-json\/wp\/v2\/types\/product"}],"replies":[{"embeddable":true,"href":"https:\/\/thewatchcompanyba.com\/en\/wp-json\/wp\/v2\/comments?post=812"}],"wp:featuredmedia":[{"embeddable":true,"href":"https:\/\/thewatchcompanyba.com\/en\/wp-json\/wp\/v2\/media\/867"}],"wp:attachment":[{"href":"https:\/\/thewatchcompanyba.com\/en\/wp-json\/wp\/v2\/media?parent=812"}],"wp:term":[{"taxonomy":"product_brand","embeddable":true,"href":"https:\/\/thewatchcompanyba.com\/en\/wp-json\/wp\/v2\/product_brand?post=812"},{"taxonomy":"product_cat","embeddable":true,"href":"https:\/\/thewatchcompanyba.com\/en\/wp-json\/wp\/v2\/product_cat?post=812"},{"taxonomy":"product_tag","embeddable":true,"href":"https:\/\/thewatchcompanyba.com\/en\/wp-json\/wp\/v2\/product_tag?post=812"}],"curies":[{"name":"wp","href":"https:\/\/api.w.org\/{rel}","templated":true}]}}