{"id":813,"date":"2026-04-20T03:33:43","date_gmt":"2026-04-20T06:33:43","guid":{"rendered":"https:\/\/thewatchcompanyba.com\/product\/tank-francaise\/"},"modified":"2026-04-20T17:03:36","modified_gmt":"2026-04-20T20:03:36","slug":"tank-francaise","status":"publish","type":"product","link":"https:\/\/thewatchcompanyba.com\/en\/product\/tank-francaise\/","title":{"rendered":"Tank Francaise"},"content":{"rendered":"<p>El Tank Fran\u00e7aise de Cartier en acero de 25 mm es un reloj compacto con un elegante cuadrante blanco. Su dise\u00f1o cl\u00e1sico es ideal para quienes buscan un toque de sofisticaci\u00f3n en una pieza m\u00e1s discreta.<\/p>","protected":false},"excerpt":{"rendered":"<p>El Tank Fran\u00e7aise de Cartier en acero de 25 mm es un reloj compacto con un elegante cuadrante blanco. Su dise\u00f1o cl\u00e1sico es ideal para quienes buscan un toque de sofisticaci\u00f3n en una pieza m\u00e1s discreta.<\/p>","protected":false},"featured_media":866,"comment_status":"open","ping_status":"closed","template":"","meta":[],"product_brand":[],"product_cat":[34],"product_tag":[],"class_list":{"0":"post-813","1":"product","2":"type-product","3":"status-publish","4":"has-post-thumbnail","6":"product_cat-cartier","8":"first","9":"instock","10":"shipping-taxable","11":"product-type-simple"},"_links":{"self":[{"href":"https:\/\/thewatchcompanyba.com\/en\/wp-json\/wp\/v2\/product\/813","targetHints":{"allow":["GET"]}}],"collection":[{"href":"https:\/\/thewatchcompanyba.com\/en\/wp-json\/wp\/v2\/product"}],"about":[{"href":"https:\/\/thewatchcompanyba.com\/en\/wp-json\/wp\/v2\/types\/product"}],"replies":[{"embeddable":true,"href":"https:\/\/thewatchcompanyba.com\/en\/wp-json\/wp\/v2\/comments?post=813"}],"wp:featuredmedia":[{"embeddable":true,"href":"https:\/\/thewatchcompanyba.com\/en\/wp-json\/wp\/v2\/media\/866"}],"wp:attachment":[{"href":"https:\/\/thewatchcompanyba.com\/en\/wp-json\/wp\/v2\/media?parent=813"}],"wp:term":[{"taxonomy":"product_brand","embeddable":true,"href":"https:\/\/thewatchcompanyba.com\/en\/wp-json\/wp\/v2\/product_brand?post=813"},{"taxonomy":"product_cat","embeddable":true,"href":"https:\/\/thewatchcompanyba.com\/en\/wp-json\/wp\/v2\/product_cat?post=813"},{"taxonomy":"product_tag","embeddable":true,"href":"https:\/\/thewatchcompanyba.com\/en\/wp-json\/wp\/v2\/product_tag?post=813"}],"curies":[{"name":"wp","href":"https:\/\/api.w.org\/{rel}","templated":true}]}}