{"id":816,"date":"2026-04-20T03:33:43","date_gmt":"2026-04-20T06:33:43","guid":{"rendered":"https:\/\/thewatchcompanyba.com\/product\/millenary-oro\/"},"modified":"2026-04-20T17:03:36","modified_gmt":"2026-04-20T20:03:36","slug":"millenary-oro","status":"publish","type":"product","link":"https:\/\/thewatchcompanyba.com\/en\/product\/millenary-oro\/","title":{"rendered":"Millenary Oro"},"content":{"rendered":"<p>El Millenary de Audemars Piguet en oro rosa es una pieza imponente con un dise\u00f1o ovalado de 47 x 43 mm. Su cuadrante blanco y negro ofrece un contraste sofisticado, mientras que la malla de cocodrilo marr\u00f3n a\u00f1ade un toque de lujo cl\u00e1sico.<\/p>","protected":false},"excerpt":{"rendered":"<p>El Millenary de Audemars Piguet en oro rosa es una pieza imponente con un dise\u00f1o ovalado de 47 x 43 mm. Su cuadrante blanco y negro ofrece un contraste sofisticado, mientras que la malla de cocodrilo marr\u00f3n a\u00f1ade un toque de lujo cl\u00e1sico.<\/p>","protected":false},"featured_media":850,"comment_status":"open","ping_status":"closed","template":"","meta":[],"product_brand":[],"product_cat":[38],"product_tag":[],"class_list":{"0":"post-816","1":"product","2":"type-product","3":"status-publish","4":"has-post-thumbnail","6":"product_cat-audemars-piguet","8":"first","9":"instock","10":"shipping-taxable","11":"product-type-simple"},"_links":{"self":[{"href":"https:\/\/thewatchcompanyba.com\/en\/wp-json\/wp\/v2\/product\/816","targetHints":{"allow":["GET"]}}],"collection":[{"href":"https:\/\/thewatchcompanyba.com\/en\/wp-json\/wp\/v2\/product"}],"about":[{"href":"https:\/\/thewatchcompanyba.com\/en\/wp-json\/wp\/v2\/types\/product"}],"replies":[{"embeddable":true,"href":"https:\/\/thewatchcompanyba.com\/en\/wp-json\/wp\/v2\/comments?post=816"}],"wp:featuredmedia":[{"embeddable":true,"href":"https:\/\/thewatchcompanyba.com\/en\/wp-json\/wp\/v2\/media\/850"}],"wp:attachment":[{"href":"https:\/\/thewatchcompanyba.com\/en\/wp-json\/wp\/v2\/media?parent=816"}],"wp:term":[{"taxonomy":"product_brand","embeddable":true,"href":"https:\/\/thewatchcompanyba.com\/en\/wp-json\/wp\/v2\/product_brand?post=816"},{"taxonomy":"product_cat","embeddable":true,"href":"https:\/\/thewatchcompanyba.com\/en\/wp-json\/wp\/v2\/product_cat?post=816"},{"taxonomy":"product_tag","embeddable":true,"href":"https:\/\/thewatchcompanyba.com\/en\/wp-json\/wp\/v2\/product_tag?post=816"}],"curies":[{"name":"wp","href":"https:\/\/api.w.org\/{rel}","templated":true}]}}