{"id":823,"date":"2026-04-20T03:33:43","date_gmt":"2026-04-20T06:33:43","guid":{"rendered":"https:\/\/thewatchcompanyba.com\/product\/datograph\/"},"modified":"2026-04-20T17:03:36","modified_gmt":"2026-04-20T20:03:36","slug":"datograph","status":"publish","type":"product","link":"https:\/\/thewatchcompanyba.com\/en\/product\/datograph\/","title":{"rendered":"Datograph"},"content":{"rendered":"<p>El Datograph de Lange &amp; S\u00f6hne en platino de 41 mm ofrece un cuadrante negro y una correa negra de cocodrilo. Su dise\u00f1o elegante y funciones cronogr\u00e1ficas avanzadas lo convierten en una pieza de alta gama para coleccionistas.<\/p>","protected":false},"excerpt":{"rendered":"<p>El Datograph de Lange &amp; S\u00f6hne en platino de 41 mm ofrece un cuadrante negro y una correa negra de cocodrilo. Su dise\u00f1o elegante y funciones cronogr\u00e1ficas avanzadas lo convierten en una pieza de alta gama para coleccionistas.<\/p>","protected":false},"featured_media":840,"comment_status":"open","ping_status":"closed","template":"","meta":[],"product_brand":[],"product_cat":[37],"product_tag":[],"class_list":{"0":"post-823","1":"product","2":"type-product","3":"status-publish","4":"has-post-thumbnail","6":"product_cat-lange-sohne","8":"first","9":"instock","10":"shipping-taxable","11":"product-type-simple"},"_links":{"self":[{"href":"https:\/\/thewatchcompanyba.com\/en\/wp-json\/wp\/v2\/product\/823","targetHints":{"allow":["GET"]}}],"collection":[{"href":"https:\/\/thewatchcompanyba.com\/en\/wp-json\/wp\/v2\/product"}],"about":[{"href":"https:\/\/thewatchcompanyba.com\/en\/wp-json\/wp\/v2\/types\/product"}],"replies":[{"embeddable":true,"href":"https:\/\/thewatchcompanyba.com\/en\/wp-json\/wp\/v2\/comments?post=823"}],"wp:featuredmedia":[{"embeddable":true,"href":"https:\/\/thewatchcompanyba.com\/en\/wp-json\/wp\/v2\/media\/840"}],"wp:attachment":[{"href":"https:\/\/thewatchcompanyba.com\/en\/wp-json\/wp\/v2\/media?parent=823"}],"wp:term":[{"taxonomy":"product_brand","embeddable":true,"href":"https:\/\/thewatchcompanyba.com\/en\/wp-json\/wp\/v2\/product_brand?post=823"},{"taxonomy":"product_cat","embeddable":true,"href":"https:\/\/thewatchcompanyba.com\/en\/wp-json\/wp\/v2\/product_cat?post=823"},{"taxonomy":"product_tag","embeddable":true,"href":"https:\/\/thewatchcompanyba.com\/en\/wp-json\/wp\/v2\/product_tag?post=823"}],"curies":[{"name":"wp","href":"https:\/\/api.w.org\/{rel}","templated":true}]}}