{"id":826,"date":"2026-04-20T03:33:44","date_gmt":"2026-04-20T06:33:44","guid":{"rendered":"https:\/\/thewatchcompanyba.com\/product\/portuguese-chronograph-2\/"},"modified":"2026-04-20T17:03:37","modified_gmt":"2026-04-20T20:03:37","slug":"portuguese-chronograph-2","status":"publish","type":"product","link":"https:\/\/thewatchcompanyba.com\/en\/product\/portuguese-chronograph-2\/","title":{"rendered":"Portuguese Chronograph"},"content":{"rendered":"<p>El Portuguese Chronograph de IWC en oro rosa de 41 mm presenta un elegante cuadrante blanco y una correa de cocodrilo. Este reloj ofrece una combinaci\u00f3n de funcionalidad cronom\u00e9trica y lujo cl\u00e1sico.<\/p>","protected":false},"excerpt":{"rendered":"<p>El Portuguese Chronograph de IWC en oro rosa de 41 mm presenta un elegante cuadrante blanco y una correa de cocodrilo. Este reloj ofrece una combinaci\u00f3n de funcionalidad cronom\u00e9trica y lujo cl\u00e1sico.<\/p>","protected":false},"featured_media":853,"comment_status":"open","ping_status":"closed","template":"","meta":[],"product_brand":[],"product_cat":[36],"product_tag":[],"class_list":{"0":"post-826","1":"product","2":"type-product","3":"status-publish","4":"has-post-thumbnail","6":"product_cat-iwc","8":"first","9":"instock","10":"shipping-taxable","11":"product-type-simple"},"_links":{"self":[{"href":"https:\/\/thewatchcompanyba.com\/en\/wp-json\/wp\/v2\/product\/826","targetHints":{"allow":["GET"]}}],"collection":[{"href":"https:\/\/thewatchcompanyba.com\/en\/wp-json\/wp\/v2\/product"}],"about":[{"href":"https:\/\/thewatchcompanyba.com\/en\/wp-json\/wp\/v2\/types\/product"}],"replies":[{"embeddable":true,"href":"https:\/\/thewatchcompanyba.com\/en\/wp-json\/wp\/v2\/comments?post=826"}],"wp:featuredmedia":[{"embeddable":true,"href":"https:\/\/thewatchcompanyba.com\/en\/wp-json\/wp\/v2\/media\/853"}],"wp:attachment":[{"href":"https:\/\/thewatchcompanyba.com\/en\/wp-json\/wp\/v2\/media?parent=826"}],"wp:term":[{"taxonomy":"product_brand","embeddable":true,"href":"https:\/\/thewatchcompanyba.com\/en\/wp-json\/wp\/v2\/product_brand?post=826"},{"taxonomy":"product_cat","embeddable":true,"href":"https:\/\/thewatchcompanyba.com\/en\/wp-json\/wp\/v2\/product_cat?post=826"},{"taxonomy":"product_tag","embeddable":true,"href":"https:\/\/thewatchcompanyba.com\/en\/wp-json\/wp\/v2\/product_tag?post=826"}],"curies":[{"name":"wp","href":"https:\/\/api.w.org\/{rel}","templated":true}]}}