{"id":827,"date":"2026-04-20T03:33:44","date_gmt":"2026-04-20T06:33:44","guid":{"rendered":"https:\/\/thewatchcompanyba.com\/product\/portuguese-perpetual-calendar\/"},"modified":"2026-04-20T17:03:37","modified_gmt":"2026-04-20T20:03:37","slug":"portuguese-perpetual-calendar","status":"publish","type":"product","link":"https:\/\/thewatchcompanyba.com\/en\/product\/portuguese-perpetual-calendar\/","title":{"rendered":"Portuguese Perpetual Calendar"},"content":{"rendered":"<p>El Portuguese Perpetual Calendar de IWC en oro blanco tiene un cuadrante gris y una malla negra de cocodrilo. Con 42 mm, este reloj combina precisi\u00f3n y elegancia, ofreciendo una funci\u00f3n de calendario perpetuo en un dise\u00f1o sofisticado.<\/p>","protected":false},"excerpt":{"rendered":"<p>El Portuguese Perpetual Calendar de IWC en oro blanco tiene un cuadrante gris y una malla negra de cocodrilo. Con 42 mm, este reloj combina precisi\u00f3n y elegancia, ofreciendo una funci\u00f3n de calendario perpetuo en un dise\u00f1o sofisticado.<\/p>","protected":false},"featured_media":854,"comment_status":"open","ping_status":"closed","template":"","meta":[],"product_brand":[],"product_cat":[36],"product_tag":[],"class_list":{"0":"post-827","1":"product","2":"type-product","3":"status-publish","4":"has-post-thumbnail","6":"product_cat-iwc","8":"first","9":"instock","10":"shipping-taxable","11":"product-type-simple"},"_links":{"self":[{"href":"https:\/\/thewatchcompanyba.com\/en\/wp-json\/wp\/v2\/product\/827","targetHints":{"allow":["GET"]}}],"collection":[{"href":"https:\/\/thewatchcompanyba.com\/en\/wp-json\/wp\/v2\/product"}],"about":[{"href":"https:\/\/thewatchcompanyba.com\/en\/wp-json\/wp\/v2\/types\/product"}],"replies":[{"embeddable":true,"href":"https:\/\/thewatchcompanyba.com\/en\/wp-json\/wp\/v2\/comments?post=827"}],"wp:featuredmedia":[{"embeddable":true,"href":"https:\/\/thewatchcompanyba.com\/en\/wp-json\/wp\/v2\/media\/854"}],"wp:attachment":[{"href":"https:\/\/thewatchcompanyba.com\/en\/wp-json\/wp\/v2\/media?parent=827"}],"wp:term":[{"taxonomy":"product_brand","embeddable":true,"href":"https:\/\/thewatchcompanyba.com\/en\/wp-json\/wp\/v2\/product_brand?post=827"},{"taxonomy":"product_cat","embeddable":true,"href":"https:\/\/thewatchcompanyba.com\/en\/wp-json\/wp\/v2\/product_cat?post=827"},{"taxonomy":"product_tag","embeddable":true,"href":"https:\/\/thewatchcompanyba.com\/en\/wp-json\/wp\/v2\/product_tag?post=827"}],"curies":[{"name":"wp","href":"https:\/\/api.w.org\/{rel}","templated":true}]}}