{"id":829,"date":"2026-04-20T03:33:47","date_gmt":"2026-04-20T06:33:47","guid":{"rendered":"https:\/\/thewatchcompanyba.com\/product\/panthere-two-row\/"},"modified":"2026-04-20T17:03:38","modified_gmt":"2026-04-20T20:03:38","slug":"panthere-two-row","status":"publish","type":"product","link":"https:\/\/thewatchcompanyba.com\/en\/product\/panthere-two-row\/","title":{"rendered":"Panthere &#8220;Two Row&#8221;"},"content":{"rendered":"<p>El Panth\u00e8re &#8220;Two Row&#8221; de Cartier, en acero y oro, de 22 mm es conocido por su elegante dise\u00f1o con un cuadrante blanco. Esta pieza combina materiales lujosos con un estilo cl\u00e1sico para un impacto visual m\u00e1ximo.<\/p>","protected":false},"excerpt":{"rendered":"<p>El Panth\u00e8re &#8220;Two Row&#8221; de Cartier, en acero y oro, de 22 mm es conocido por su elegante dise\u00f1o con un cuadrante blanco. Esta pieza combina materiales lujosos con un estilo cl\u00e1sico para un impacto visual m\u00e1ximo.<\/p>","protected":false},"featured_media":833,"comment_status":"open","ping_status":"closed","template":"","meta":[],"product_brand":[],"product_cat":[34],"product_tag":[],"class_list":{"0":"post-829","1":"product","2":"type-product","3":"status-publish","4":"has-post-thumbnail","6":"product_cat-cartier","8":"first","9":"instock","10":"shipping-taxable","11":"product-type-simple"},"_links":{"self":[{"href":"https:\/\/thewatchcompanyba.com\/en\/wp-json\/wp\/v2\/product\/829","targetHints":{"allow":["GET"]}}],"collection":[{"href":"https:\/\/thewatchcompanyba.com\/en\/wp-json\/wp\/v2\/product"}],"about":[{"href":"https:\/\/thewatchcompanyba.com\/en\/wp-json\/wp\/v2\/types\/product"}],"replies":[{"embeddable":true,"href":"https:\/\/thewatchcompanyba.com\/en\/wp-json\/wp\/v2\/comments?post=829"}],"wp:featuredmedia":[{"embeddable":true,"href":"https:\/\/thewatchcompanyba.com\/en\/wp-json\/wp\/v2\/media\/833"}],"wp:attachment":[{"href":"https:\/\/thewatchcompanyba.com\/en\/wp-json\/wp\/v2\/media?parent=829"}],"wp:term":[{"taxonomy":"product_brand","embeddable":true,"href":"https:\/\/thewatchcompanyba.com\/en\/wp-json\/wp\/v2\/product_brand?post=829"},{"taxonomy":"product_cat","embeddable":true,"href":"https:\/\/thewatchcompanyba.com\/en\/wp-json\/wp\/v2\/product_cat?post=829"},{"taxonomy":"product_tag","embeddable":true,"href":"https:\/\/thewatchcompanyba.com\/en\/wp-json\/wp\/v2\/product_tag?post=829"}],"curies":[{"name":"wp","href":"https:\/\/api.w.org\/{rel}","templated":true}]}}