{"id":830,"date":"2026-04-20T03:33:47","date_gmt":"2026-04-20T06:33:47","guid":{"rendered":"https:\/\/thewatchcompanyba.com\/product\/ballon-bleu-mini-2\/"},"modified":"2026-04-20T17:03:38","modified_gmt":"2026-04-20T20:03:38","slug":"ballon-bleu-mini-2","status":"publish","type":"product","link":"https:\/\/thewatchcompanyba.com\/en\/product\/ballon-bleu-mini-2\/","title":{"rendered":"Ballon Bleu Mini"},"content":{"rendered":"<p>El Ballon Bleu Mini de Cartier es una versi\u00f3n m\u00e1s peque\u00f1a del ic\u00f3nico modelo, con un tama\u00f1o de 28 mm y un cuadrante blanco. Su dise\u00f1o delicado es perfecto para quienes prefieren relojes m\u00e1s sutiles.<\/p>","protected":false},"excerpt":{"rendered":"<p>El Ballon Bleu Mini de Cartier es una versi\u00f3n m\u00e1s peque\u00f1a del ic\u00f3nico modelo, con un tama\u00f1o de 28 mm y un cuadrante blanco. Su dise\u00f1o delicado es perfecto para quienes prefieren relojes m\u00e1s sutiles.<\/p>","protected":false},"featured_media":835,"comment_status":"open","ping_status":"closed","template":"","meta":[],"product_brand":[],"product_cat":[34],"product_tag":[],"class_list":{"0":"post-830","1":"product","2":"type-product","3":"status-publish","4":"has-post-thumbnail","6":"product_cat-cartier","8":"first","9":"instock","10":"shipping-taxable","11":"product-type-simple"},"_links":{"self":[{"href":"https:\/\/thewatchcompanyba.com\/en\/wp-json\/wp\/v2\/product\/830","targetHints":{"allow":["GET"]}}],"collection":[{"href":"https:\/\/thewatchcompanyba.com\/en\/wp-json\/wp\/v2\/product"}],"about":[{"href":"https:\/\/thewatchcompanyba.com\/en\/wp-json\/wp\/v2\/types\/product"}],"replies":[{"embeddable":true,"href":"https:\/\/thewatchcompanyba.com\/en\/wp-json\/wp\/v2\/comments?post=830"}],"wp:featuredmedia":[{"embeddable":true,"href":"https:\/\/thewatchcompanyba.com\/en\/wp-json\/wp\/v2\/media\/835"}],"wp:attachment":[{"href":"https:\/\/thewatchcompanyba.com\/en\/wp-json\/wp\/v2\/media?parent=830"}],"wp:term":[{"taxonomy":"product_brand","embeddable":true,"href":"https:\/\/thewatchcompanyba.com\/en\/wp-json\/wp\/v2\/product_brand?post=830"},{"taxonomy":"product_cat","embeddable":true,"href":"https:\/\/thewatchcompanyba.com\/en\/wp-json\/wp\/v2\/product_cat?post=830"},{"taxonomy":"product_tag","embeddable":true,"href":"https:\/\/thewatchcompanyba.com\/en\/wp-json\/wp\/v2\/product_tag?post=830"}],"curies":[{"name":"wp","href":"https:\/\/api.w.org\/{rel}","templated":true}]}}