{"id":832,"date":"2026-04-20T03:33:47","date_gmt":"2026-04-20T06:33:47","guid":{"rendered":"https:\/\/thewatchcompanyba.com\/product\/ballon-bleu\/"},"modified":"2026-04-20T17:03:39","modified_gmt":"2026-04-20T20:03:39","slug":"ballon-bleu","status":"publish","type":"product","link":"https:\/\/thewatchcompanyba.com\/en\/product\/ballon-bleu\/","title":{"rendered":"Ballon Bleu"},"content":{"rendered":"<p>El Ballon Bleu de Cartier en acero, con un cuadrante blanco, es conocido por su dise\u00f1o redondeado y elegante. Este reloj es una declaraci\u00f3n de sofisticaci\u00f3n y estilo cl\u00e1sico.<\/p>","protected":false},"excerpt":{"rendered":"<p>El Ballon Bleu de Cartier en acero, con un cuadrante blanco, es conocido por su dise\u00f1o redondeado y elegante. Este reloj es una declaraci\u00f3n de sofisticaci\u00f3n y estilo cl\u00e1sico.<\/p>","protected":false},"featured_media":897,"comment_status":"open","ping_status":"closed","template":"","meta":[],"product_brand":[],"product_cat":[34],"product_tag":[],"class_list":{"0":"post-832","1":"product","2":"type-product","3":"status-publish","4":"has-post-thumbnail","6":"product_cat-cartier","8":"first","9":"instock","10":"shipping-taxable","11":"product-type-simple"},"_links":{"self":[{"href":"https:\/\/thewatchcompanyba.com\/en\/wp-json\/wp\/v2\/product\/832","targetHints":{"allow":["GET"]}}],"collection":[{"href":"https:\/\/thewatchcompanyba.com\/en\/wp-json\/wp\/v2\/product"}],"about":[{"href":"https:\/\/thewatchcompanyba.com\/en\/wp-json\/wp\/v2\/types\/product"}],"replies":[{"embeddable":true,"href":"https:\/\/thewatchcompanyba.com\/en\/wp-json\/wp\/v2\/comments?post=832"}],"wp:featuredmedia":[{"embeddable":true,"href":"https:\/\/thewatchcompanyba.com\/en\/wp-json\/wp\/v2\/media\/897"}],"wp:attachment":[{"href":"https:\/\/thewatchcompanyba.com\/en\/wp-json\/wp\/v2\/media?parent=832"}],"wp:term":[{"taxonomy":"product_brand","embeddable":true,"href":"https:\/\/thewatchcompanyba.com\/en\/wp-json\/wp\/v2\/product_brand?post=832"},{"taxonomy":"product_cat","embeddable":true,"href":"https:\/\/thewatchcompanyba.com\/en\/wp-json\/wp\/v2\/product_cat?post=832"},{"taxonomy":"product_tag","embeddable":true,"href":"https:\/\/thewatchcompanyba.com\/en\/wp-json\/wp\/v2\/product_tag?post=832"}],"curies":[{"name":"wp","href":"https:\/\/api.w.org\/{rel}","templated":true}]}}