{"id":905,"date":"2026-04-29T02:20:25","date_gmt":"2026-04-29T05:20:25","guid":{"rendered":"https:\/\/thewatchcompanyba.com\/?post_type=product&#038;p=905"},"modified":"2026-04-29T02:30:49","modified_gmt":"2026-04-29T05:30:49","slug":"thinking-mistery","status":"publish","type":"product","link":"https:\/\/thewatchcompanyba.com\/en\/product\/thinking-mistery\/","title":{"rendered":"ThinKing Mistery"},"content":{"rendered":"<p>ThinKing redefini\u00f3 los l\u00edmites anteriores. ThinKing Mystery convierte ese r\u00e9cord en una arquitectura estable y repetible de apenas 1,65 mm. El modelo est\u00e1 fabricado con una aleaci\u00f3n de precisi\u00f3n con mayor rigidez y resistencia a la corrosi\u00f3n. Este material permite trabajar con tolerancias extremadamente ajustadas, donde incluso las mil\u00e9simas de mil\u00edmetro se vuelven cr\u00edticas.<\/p>","protected":false},"excerpt":{"rendered":"<p>ThinKing redefini\u00f3 los l\u00edmites anteriores. ThinKing Mystery convierte ese r\u00e9cord en una arquitectura estable y repetible de apenas 1,65 mm. El modelo est\u00e1 fabricado con una aleaci\u00f3n de precisi\u00f3n con mayor rigidez y resistencia a la corrosi\u00f3n. Este material permite trabajar con tolerancias extremadamente ajustadas, donde incluso las mil\u00e9simas de mil\u00edmetro se vuelven cr\u00edticas.<\/p>","protected":false},"featured_media":1033,"comment_status":"open","ping_status":"closed","template":"","meta":[],"product_brand":[],"product_cat":[31],"product_tag":[],"class_list":{"0":"post-905","1":"product","2":"type-product","3":"status-publish","4":"has-post-thumbnail","6":"product_cat-konstantin-chaykin","8":"first","9":"instock","10":"shipping-taxable","11":"product-type-simple"},"_links":{"self":[{"href":"https:\/\/thewatchcompanyba.com\/en\/wp-json\/wp\/v2\/product\/905","targetHints":{"allow":["GET"]}}],"collection":[{"href":"https:\/\/thewatchcompanyba.com\/en\/wp-json\/wp\/v2\/product"}],"about":[{"href":"https:\/\/thewatchcompanyba.com\/en\/wp-json\/wp\/v2\/types\/product"}],"replies":[{"embeddable":true,"href":"https:\/\/thewatchcompanyba.com\/en\/wp-json\/wp\/v2\/comments?post=905"}],"wp:featuredmedia":[{"embeddable":true,"href":"https:\/\/thewatchcompanyba.com\/en\/wp-json\/wp\/v2\/media\/1033"}],"wp:attachment":[{"href":"https:\/\/thewatchcompanyba.com\/en\/wp-json\/wp\/v2\/media?parent=905"}],"wp:term":[{"taxonomy":"product_brand","embeddable":true,"href":"https:\/\/thewatchcompanyba.com\/en\/wp-json\/wp\/v2\/product_brand?post=905"},{"taxonomy":"product_cat","embeddable":true,"href":"https:\/\/thewatchcompanyba.com\/en\/wp-json\/wp\/v2\/product_cat?post=905"},{"taxonomy":"product_tag","embeddable":true,"href":"https:\/\/thewatchcompanyba.com\/en\/wp-json\/wp\/v2\/product_tag?post=905"}],"curies":[{"name":"wp","href":"https:\/\/api.w.org\/{rel}","templated":true}]}}