{"id":970,"date":"2026-04-29T02:21:02","date_gmt":"2026-04-29T05:21:02","guid":{"rendered":"https:\/\/thewatchcompanyba.com\/?post_type=product&#038;p=970"},"modified":"2026-04-29T02:23:08","modified_gmt":"2026-04-29T05:23:08","slug":"flamingo","status":"publish","type":"product","link":"https:\/\/thewatchcompanyba.com\/en\/product\/flamingo\/","title":{"rendered":"Flamingo"},"content":{"rendered":"<p>Anton Suhanov Flamingo redefine la relojer\u00eda contempor\u00e1nea combinando precisi\u00f3n mec\u00e1nica y dise\u00f1o expresivo. Su imponente <strong data-start=\"125\" data-end=\"145\">rueda de balance<\/strong> de gran di\u00e1metro no solo mejora la estabilidad del movimiento, sino que se convierte en el centro visual de la pieza. Incorpora un indicador de reserva de marcha no lineal que acelera en sus \u00faltimas horas, ofreciendo una lectura intuitiva del tiempo restante. Inspirado en San Petersburgo, cada detalle del movimiento construye una narrativa visual \u00fanica. <strong data-start=\"502\" data-end=\"535\">Edici\u00f3n limitada a 38 piezas.<\/strong><\/p>","protected":false},"excerpt":{"rendered":"<p>Anton Suhanov Flamingo redefine la relojer\u00eda contempor\u00e1nea combinando precisi\u00f3n mec\u00e1nica y dise\u00f1o expresivo. Su imponente <strong data-start=\"125\" data-end=\"145\">rueda de balance<\/strong> de gran di\u00e1metro no solo mejora la estabilidad del movimiento, sino que se convierte en el centro visual de la pieza. Incorpora un indicador de reserva de marcha no lineal que acelera en sus \u00faltimas horas, ofreciendo una lectura intuitiva del tiempo restante. Inspirado en San Petersburgo, cada detalle del movimiento construye una narrativa visual \u00fanica. <strong data-start=\"502\" data-end=\"535\">Edici\u00f3n limitada a 38 piezas.<\/strong><\/p>","protected":false},"featured_media":971,"comment_status":"open","ping_status":"closed","template":"","meta":[],"product_brand":[],"product_cat":[50],"product_tag":[],"class_list":{"0":"post-970","1":"product","2":"type-product","3":"status-publish","4":"has-post-thumbnail","6":"product_cat-anton-suhanov","8":"first","9":"instock","10":"shipping-taxable","11":"product-type-simple"},"_links":{"self":[{"href":"https:\/\/thewatchcompanyba.com\/en\/wp-json\/wp\/v2\/product\/970","targetHints":{"allow":["GET"]}}],"collection":[{"href":"https:\/\/thewatchcompanyba.com\/en\/wp-json\/wp\/v2\/product"}],"about":[{"href":"https:\/\/thewatchcompanyba.com\/en\/wp-json\/wp\/v2\/types\/product"}],"replies":[{"embeddable":true,"href":"https:\/\/thewatchcompanyba.com\/en\/wp-json\/wp\/v2\/comments?post=970"}],"wp:featuredmedia":[{"embeddable":true,"href":"https:\/\/thewatchcompanyba.com\/en\/wp-json\/wp\/v2\/media\/971"}],"wp:attachment":[{"href":"https:\/\/thewatchcompanyba.com\/en\/wp-json\/wp\/v2\/media?parent=970"}],"wp:term":[{"taxonomy":"product_brand","embeddable":true,"href":"https:\/\/thewatchcompanyba.com\/en\/wp-json\/wp\/v2\/product_brand?post=970"},{"taxonomy":"product_cat","embeddable":true,"href":"https:\/\/thewatchcompanyba.com\/en\/wp-json\/wp\/v2\/product_cat?post=970"},{"taxonomy":"product_tag","embeddable":true,"href":"https:\/\/thewatchcompanyba.com\/en\/wp-json\/wp\/v2\/product_tag?post=970"}],"curies":[{"name":"wp","href":"https:\/\/api.w.org\/{rel}","templated":true}]}}